{"id":15554,"date":"2024-09-04T23:23:43","date_gmt":"2024-09-04T23:23:43","guid":{"rendered":"https:\/\/cuncumenlenceria.com.ar\/?post_type=product&#038;p=15554"},"modified":"2024-09-04T23:23:59","modified_gmt":"2024-09-04T23:23:59","slug":"doble-estimulador-ana","status":"publish","type":"product","link":"https:\/\/cuncumenlenceria.com.ar\/?product=doble-estimulador-ana","title":{"rendered":"Doble estimulador Ana"},"content":{"rendered":"","protected":false},"excerpt":{"rendered":"<ul>\n<li>10 FUNCIONES DE VIBRACI\u00d3N<\/li>\n<li>RESISTENTE AL AGUA<\/li>\n<li>SILICONA USB &#8211; RECARGABLE<\/li>\n<li>LIBRE DE FTALATOS<\/li>\n<li>Mantenga presionado el bot\u00f3n durante 3 seg. para encender\/apagar, la luz indicadora se enciende y comienza a vibrar.<\/li>\n<li>10 modos de vibraci\u00f3n, para cambiarlos presione el bot\u00f3n de encendido, y podr\u00e1 seleccionar las diferentes vibraciones.<\/li>\n<li>Versi\u00f3n recargable de CC. la luz indicadora parpadea, despu\u00e9s de la carga completa, la luz sigue encendida.<\/li>\n<li>El tiempo de duraci\u00f3n de la bateria es de aproximadamente 1 hora.<\/li>\n<li>Altura: 22,5cm<\/li>\n<li>Ancho: 12 cm.<\/li>\n<li>Diametro: 3,5cm<\/li>\n<li>Parte de la succi\u00f3n:<\/li>\n<li>Altura: 7,5cm<\/li>\n<li>ancho: 4,5cm<\/li>\n<li>Peso: 145 grs<\/li>\n<\/ul>\n","protected":false},"featured_media":15550,"comment_status":"open","ping_status":"closed","template":"","meta":[],"product_brand":[],"product_cat":[121],"product_tag":[],"class_list":{"0":"post-15554","1":"product","2":"type-product","3":"status-publish","4":"has-post-thumbnail","6":"product_cat-medias","8":"first","9":"instock","10":"taxable","11":"shipping-taxable","12":"purchasable","13":"product-type-simple"},"_links":{"self":[{"href":"https:\/\/cuncumenlenceria.com.ar\/index.php?rest_route=\/wp\/v2\/product\/15554","targetHints":{"allow":["GET"]}}],"collection":[{"href":"https:\/\/cuncumenlenceria.com.ar\/index.php?rest_route=\/wp\/v2\/product"}],"about":[{"href":"https:\/\/cuncumenlenceria.com.ar\/index.php?rest_route=\/wp\/v2\/types\/product"}],"replies":[{"embeddable":true,"href":"https:\/\/cuncumenlenceria.com.ar\/index.php?rest_route=%2Fwp%2Fv2%2Fcomments&post=15554"}],"wp:featuredmedia":[{"embeddable":true,"href":"https:\/\/cuncumenlenceria.com.ar\/index.php?rest_route=\/wp\/v2\/media\/15550"}],"wp:attachment":[{"href":"https:\/\/cuncumenlenceria.com.ar\/index.php?rest_route=%2Fwp%2Fv2%2Fmedia&parent=15554"}],"wp:term":[{"taxonomy":"product_brand","embeddable":true,"href":"https:\/\/cuncumenlenceria.com.ar\/index.php?rest_route=%2Fwp%2Fv2%2Fproduct_brand&post=15554"},{"taxonomy":"product_cat","embeddable":true,"href":"https:\/\/cuncumenlenceria.com.ar\/index.php?rest_route=%2Fwp%2Fv2%2Fproduct_cat&post=15554"},{"taxonomy":"product_tag","embeddable":true,"href":"https:\/\/cuncumenlenceria.com.ar\/index.php?rest_route=%2Fwp%2Fv2%2Fproduct_tag&post=15554"}],"curies":[{"name":"wp","href":"https:\/\/api.w.org\/{rel}","templated":true}]}}