{"id":15549,"date":"2024-09-04T23:17:40","date_gmt":"2024-09-04T23:17:40","guid":{"rendered":"https:\/\/cuncumenlenceria.com.ar\/?post_type=product&#038;p=15549"},"modified":"2024-09-04T23:17:40","modified_gmt":"2024-09-04T23:17:40","slug":"doble-estimulador-lola","status":"publish","type":"product","link":"https:\/\/cuncumenlenceria.com.ar\/?product=doble-estimulador-lola","title":{"rendered":"Doble estimulador Lola"},"content":{"rendered":"","protected":false},"excerpt":{"rendered":"<p class=\"p1\">Caracter\u00edsticas<\/p>\n<p class=\"p1\">Silicona 100% pura +ABS.<\/p>\n<p class=\"p1\">100% Libre de Fthalatos.<\/p>\n<p class=\"p1\">Libre de l\u00e1tex.<\/p>\n<p class=\"p1\">Dise\u00f1o Ergon\u00f3mico vaginal + punto G. + cl\u00edtoris.<\/p>\n<p class=\"p1\">3 modos de vibraci\u00f3n lineal.<\/p>\n<p class=\"p1\">7 ritmos diferentes.<\/p>\n<p class=\"p1\">2 motores.<\/p>\n<p class=\"p1\">Recargable. Incluye cable de carga.<\/p>\n<p class=\"p1\">Teclas de f\u00e1cil manejo.<\/p>\n<p class=\"p1\">Impermeable. No sumergible.<\/p>\n<p class=\"p1\">Di\u00e1metro: 3,3 cm.<\/p>\n<p class=\"p1\">Longitud total: 18,5 cm.<\/p>\n","protected":false},"featured_media":15553,"comment_status":"open","ping_status":"closed","template":"","meta":[],"product_brand":[],"product_cat":[121],"product_tag":[],"class_list":{"0":"post-15549","1":"product","2":"type-product","3":"status-publish","4":"has-post-thumbnail","6":"product_cat-medias","8":"first","9":"instock","10":"taxable","11":"shipping-taxable","12":"purchasable","13":"product-type-simple"},"_links":{"self":[{"href":"https:\/\/cuncumenlenceria.com.ar\/index.php?rest_route=\/wp\/v2\/product\/15549","targetHints":{"allow":["GET"]}}],"collection":[{"href":"https:\/\/cuncumenlenceria.com.ar\/index.php?rest_route=\/wp\/v2\/product"}],"about":[{"href":"https:\/\/cuncumenlenceria.com.ar\/index.php?rest_route=\/wp\/v2\/types\/product"}],"replies":[{"embeddable":true,"href":"https:\/\/cuncumenlenceria.com.ar\/index.php?rest_route=%2Fwp%2Fv2%2Fcomments&post=15549"}],"wp:featuredmedia":[{"embeddable":true,"href":"https:\/\/cuncumenlenceria.com.ar\/index.php?rest_route=\/wp\/v2\/media\/15553"}],"wp:attachment":[{"href":"https:\/\/cuncumenlenceria.com.ar\/index.php?rest_route=%2Fwp%2Fv2%2Fmedia&parent=15549"}],"wp:term":[{"taxonomy":"product_brand","embeddable":true,"href":"https:\/\/cuncumenlenceria.com.ar\/index.php?rest_route=%2Fwp%2Fv2%2Fproduct_brand&post=15549"},{"taxonomy":"product_cat","embeddable":true,"href":"https:\/\/cuncumenlenceria.com.ar\/index.php?rest_route=%2Fwp%2Fv2%2Fproduct_cat&post=15549"},{"taxonomy":"product_tag","embeddable":true,"href":"https:\/\/cuncumenlenceria.com.ar\/index.php?rest_route=%2Fwp%2Fv2%2Fproduct_tag&post=15549"}],"curies":[{"name":"wp","href":"https:\/\/api.w.org\/{rel}","templated":true}]}}