{"id":14869,"date":"2024-02-28T12:55:24","date_gmt":"2024-02-28T12:55:24","guid":{"rendered":"https:\/\/cuncumenlenceria.com.ar\/?post_type=product&#038;p=14869"},"modified":"2024-02-28T12:55:24","modified_gmt":"2024-02-28T12:55:24","slug":"bolas-vaginales-luxury","status":"publish","type":"product","link":"https:\/\/cuncumenlenceria.com.ar\/?product=bolas-vaginales-luxury","title":{"rendered":"Bolas Vaginales Luxury"},"content":{"rendered":"","protected":false},"excerpt":{"rendered":"<p class=\"p1\"><span class=\"s1\">Las bolas vaginales est\u00e1n dise\u00f1adas para fortalecer y tonificar la musculatura del suelo p\u00e9lvico. Este dise\u00f1o posee vibraci\u00f3n en las esferas y control remoto a distancia inal\u00e1mbrico y su vibraci\u00f3n podr\u00e1 ayudar a la contracci\u00f3n del m\u00fasculo m\u00e1s eficazmente.<\/span><\/p>\n<p class=\"p1\"><span class=\"s1\">Un h\u00e1bito sencillo y eficaz para combatir las peque\u00f1as p\u00e9rdidas de orina y a mantener la juventud de la zona \u00edntima femenina. Ginec\u00f3logos y terapeutas de todo el mundo recomiendan su uso a mujeres de todas las edades para prevenir la aparici\u00f3n de p\u00e9rdidas leves de orina. El ejercicio, evita desprendimientos uterinos, tonificar los m\u00fasculos del suelo p\u00e9lvico, siendo estos partes importantes porque son los responsables de un mayor placer sexual.<\/span><\/p>\n<p class=\"p1\"><span class=\"s1\"><strong>Modo de uso.<\/strong><\/span><\/p>\n<p class=\"p1\"><span class=\"s1\">Para acostumbrar la musculatura, debes agregar tiempo y frecuencia semanal gradualmente para no fatigar el m\u00fasculo. Se recomienda realizar los ejercicios de contracci\u00f3n y relajaci\u00f3n muscular siempre de pie, para que la gravedad haga lo suyo. El ejercicio correcto, consiste en contraer el musculo (como cuando se corta la micci\u00f3n de la orina) y relajar. Se recomienda siempre el uso de lubricantes neutros a base de agua con este producto para poder colocarlas f\u00e1cilmente.<\/span><\/p>\n<p class=\"p1\"><span class=\"s1\">Mantenga presionado el bot\u00f3n de encendido durante 3 segundos para encender \/ apagar, la luz indicadora se enciende y comienza a vibrar. Cada vez que se presiona el bot\u00f3n de encendido, cambie el modo de vibraci\u00f3n diferente. Durante la carga, la luz indicadora parpadea, despu\u00e9s de la carga completa, la luz sigue encendida. Cuando el producto se est\u00e1 cargando, el chip est\u00e1 en estado de protecci\u00f3n y no se puede encender.<\/span><\/p>\n<p class=\"p2\"><span class=\"s1\"><strong>Caracter\u00edsticas<\/strong><\/span><\/p>\n<p class=\"p2\"><span class=\"s1\">\u2022 Silicona 100% pura + ABS.<\/span><\/p>\n<p class=\"p2\"><span class=\"s1\">\u2022 100% Libre de Fthalatos.<\/span><\/p>\n<p class=\"p2\"><span class=\"s1\">\u2022 Hipo alerg\u00e9nico.<\/span><\/p>\n<p class=\"p2\"><span class=\"s1\">\u2022 Libre de l\u00e1tex.<\/span><\/p>\n<p class=\"p2\"><span class=\"s1\">\u2022 Bolas vaginales con control remoto a distancia. (aprox. 10m)<\/span><\/p>\n<p class=\"p2\"><span class=\"s1\">\u2022 10 ritmos diferentes de vibraci\u00f3n.<\/span><\/p>\n<p class=\"p2\"><span class=\"s1\">\u2022 Medidas:<span class=\"Apple-converted-space\">\u00a0\u00a0<\/span>18.6 cm x 3.6 cm.<\/span><\/p>\n<p class=\"p2\"><span class=\"s1\">\u2022 Tiempo de carga: aprox. 2 hs.<\/span><\/p>\n<p class=\"p2\"><span class=\"s1\">\u2022 Tiempo de uso aprox. 50 m.<\/span><\/p>\n<p class=\"p2\"><span class=\"s1\">\u2022 Peso: 65 gr.<\/span><\/p>\n<p class=\"p2\"><span class=\"s1\">\u2022 Recargable. Incluye cable de carga.<\/span><\/p>\n<p class=\"p2\"><span class=\"s1\">\u2022 Impermeable. No sumergible.<\/span><\/p>\n","protected":false},"featured_media":14860,"comment_status":"open","ping_status":"closed","template":"","meta":[],"product_brand":[],"product_cat":[121],"product_tag":[],"class_list":{"0":"post-14869","1":"product","2":"type-product","3":"status-publish","4":"has-post-thumbnail","6":"product_cat-medias","8":"first","9":"instock","10":"taxable","11":"shipping-taxable","12":"purchasable","13":"product-type-simple"},"_links":{"self":[{"href":"https:\/\/cuncumenlenceria.com.ar\/index.php?rest_route=\/wp\/v2\/product\/14869","targetHints":{"allow":["GET"]}}],"collection":[{"href":"https:\/\/cuncumenlenceria.com.ar\/index.php?rest_route=\/wp\/v2\/product"}],"about":[{"href":"https:\/\/cuncumenlenceria.com.ar\/index.php?rest_route=\/wp\/v2\/types\/product"}],"replies":[{"embeddable":true,"href":"https:\/\/cuncumenlenceria.com.ar\/index.php?rest_route=%2Fwp%2Fv2%2Fcomments&post=14869"}],"wp:featuredmedia":[{"embeddable":true,"href":"https:\/\/cuncumenlenceria.com.ar\/index.php?rest_route=\/wp\/v2\/media\/14860"}],"wp:attachment":[{"href":"https:\/\/cuncumenlenceria.com.ar\/index.php?rest_route=%2Fwp%2Fv2%2Fmedia&parent=14869"}],"wp:term":[{"taxonomy":"product_brand","embeddable":true,"href":"https:\/\/cuncumenlenceria.com.ar\/index.php?rest_route=%2Fwp%2Fv2%2Fproduct_brand&post=14869"},{"taxonomy":"product_cat","embeddable":true,"href":"https:\/\/cuncumenlenceria.com.ar\/index.php?rest_route=%2Fwp%2Fv2%2Fproduct_cat&post=14869"},{"taxonomy":"product_tag","embeddable":true,"href":"https:\/\/cuncumenlenceria.com.ar\/index.php?rest_route=%2Fwp%2Fv2%2Fproduct_tag&post=14869"}],"curies":[{"name":"wp","href":"https:\/\/api.w.org\/{rel}","templated":true}]}}