{"id":201,"date":"2018-10-23T07:33:09","date_gmt":"2018-10-23T07:33:09","guid":{"rendered":"https:\/\/woostify.com\/demos\/fashion1\/?page_id=201"},"modified":"2021-08-24T14:59:55","modified_gmt":"2021-08-24T14:59:55","slug":"contact","status":"publish","type":"page","link":"https:\/\/cuncumenlenceria.com.ar\/?page_id=201","title":{"rendered":"Contact"},"content":{"rendered":"\t\t<div data-elementor-type=\"wp-post\" data-elementor-id=\"201\" class=\"elementor elementor-201\">\n\t\t\t\t\t\t<section class=\"elementor-section elementor-top-section elementor-element elementor-element-e825f20 elementor-section-stretched elementor-section-full_width elementor-section-height-default elementor-section-height-default\" data-id=\"e825f20\" data-element_type=\"section\" data-settings=\"{&quot;stretch_section&quot;:&quot;section-stretched&quot;}\">\n\t\t\t\t\t\t<div class=\"elementor-container elementor-column-gap-no\">\n\t\t\t\t\t<div class=\"elementor-column elementor-col-100 elementor-top-column elementor-element elementor-element-9e0717b\" data-id=\"9e0717b\" data-element_type=\"column\">\n\t\t\t<div class=\"elementor-widget-wrap elementor-element-populated\">\n\t\t\t\t\t\t<div class=\"elementor-element elementor-element-b0a9a20 elementor-widget elementor-widget-google_maps\" data-id=\"b0a9a20\" data-element_type=\"widget\" data-widget_type=\"google_maps.default\">\n\t\t\t\t<div class=\"elementor-widget-container\">\n\t\t\t\t\t\t\t<div class=\"elementor-custom-embed\">\n\t\t\t<iframe loading=\"lazy\"\n\t\t\t\t\tsrc=\"https:\/\/maps.google.com\/maps?q=Bahia%20Blanca%2C%20Buenos%20aires&#038;t=m&#038;z=14&#038;output=embed&#038;iwloc=near\"\n\t\t\t\t\ttitle=\"Bahia Blanca, Buenos aires\"\n\t\t\t\t\taria-label=\"Bahia Blanca, Buenos aires\"\n\t\t\t><\/iframe>\n\t\t<\/div>\n\t\t\t\t\t\t<\/div>\n\t\t\t\t<\/div>\n\t\t\t\t\t<\/div>\n\t\t<\/div>\n\t\t\t\t\t<\/div>\n\t\t<\/section>\n\t\t\t\t<section class=\"elementor-section elementor-top-section elementor-element elementor-element-3153b01 elementor-section-boxed elementor-section-height-default elementor-section-height-default\" data-id=\"3153b01\" data-element_type=\"section\">\n\t\t\t\t\t\t<div class=\"elementor-container elementor-column-gap-no\">\n\t\t\t\t\t<div class=\"elementor-column elementor-col-33 elementor-top-column elementor-element elementor-element-475bd5a\" data-id=\"475bd5a\" data-element_type=\"column\">\n\t\t\t<div class=\"elementor-widget-wrap elementor-element-populated\">\n\t\t\t\t\t\t<div class=\"elementor-element elementor-element-b469dcf elementor-widget elementor-widget-spacer\" data-id=\"b469dcf\" data-element_type=\"widget\" data-widget_type=\"spacer.default\">\n\t\t\t\t<div class=\"elementor-widget-container\">\n\t\t\t\t\t\t\t<div class=\"elementor-spacer\">\n\t\t\t<div class=\"elementor-spacer-inner\"><\/div>\n\t\t<\/div>\n\t\t\t\t\t\t<\/div>\n\t\t\t\t<\/div>\n\t\t\t\t<div class=\"elementor-element elementor-element-1a4a148 elementor-widget elementor-widget-heading\" data-id=\"1a4a148\" data-element_type=\"widget\" data-widget_type=\"heading.default\">\n\t\t\t\t<div class=\"elementor-widget-container\">\n\t\t\t\t\t<h5 class=\"elementor-heading-title elementor-size-default\">Info General<\/h5>\t\t\t\t<\/div>\n\t\t\t\t<\/div>\n\t\t\t\t<div class=\"elementor-element elementor-element-87ca533 elementor-widget elementor-widget-text-editor\" data-id=\"87ca533\" data-element_type=\"widget\" data-widget_type=\"text-editor.default\">\n\t\t\t\t<div class=\"elementor-widget-container\">\n\t\t\t\t\t\t\t\t\t<p>Contacte con nosotros<\/p>\t\t\t\t\t\t\t\t<\/div>\n\t\t\t\t<\/div>\n\t\t\t\t<div class=\"elementor-element elementor-element-23fb120 elementor-widget elementor-widget-text-editor\" data-id=\"23fb120\" data-element_type=\"widget\" data-widget_type=\"text-editor.default\">\n\t\t\t\t<div class=\"elementor-widget-container\">\n\t\t\t\t\t\t\t\t\t<div class=\"woostify-contact-info\"><div class=\"contact-info-list\"><div class=\"contact-info-img\"><img decoding=\"async\" src=\"https:\/\/demo.woostify.com\/fashion1\/wp-content\/uploads\/sites\/27\/2018\/10\/contact-phone.jpg\" alt=\"contact-info-image\" \/><\/div><div class=\"contact-info-detail\"><p><label>Tel\u00e9fono<\/label><\/p><h6>+54 291 5 660 597<\/h6><\/div><\/div><div class=\"contact-info-list\"><div class=\"contact-info-img\"><img decoding=\"async\" src=\"https:\/\/demo.woostify.com\/fashion1\/wp-content\/uploads\/sites\/27\/2018\/10\/contact-address.jpg\" alt=\"contact-info-image\" \/><\/div><div class=\"contact-info-detail\"><p><label>Direcci\u00f3n<\/label><\/p><h6>Bah\u00eda Blanca<\/h6><p>Buenos Aires, Argentina<\/p><\/div><\/div><div class=\"contact-info-list\"><div class=\"contact-info-img\"><img decoding=\"async\" src=\"https:\/\/demo.woostify.com\/fashion1\/wp-content\/uploads\/sites\/27\/2018\/10\/contact-mail.jpg\" alt=\"contact-info-image\" \/><\/div><div class=\"contact-info-detail\"><p><label>Email<\/label><\/p><h6>info@cuncumenlenceria.com.ar<\/h6><\/div><\/div><\/div>\t\t\t\t\t\t\t\t<\/div>\n\t\t\t\t<\/div>\n\t\t\t\t\t<\/div>\n\t\t<\/div>\n\t\t\t\t<div class=\"elementor-column elementor-col-66 elementor-top-column elementor-element elementor-element-8acbbf2\" data-id=\"8acbbf2\" data-element_type=\"column\">\n\t\t\t<div class=\"elementor-widget-wrap elementor-element-populated\">\n\t\t\t\t\t\t<div class=\"elementor-element elementor-element-4de5970 elementor-widget elementor-widget-spacer\" data-id=\"4de5970\" data-element_type=\"widget\" data-widget_type=\"spacer.default\">\n\t\t\t\t<div class=\"elementor-widget-container\">\n\t\t\t\t\t\t\t<div class=\"elementor-spacer\">\n\t\t\t<div class=\"elementor-spacer-inner\"><\/div>\n\t\t<\/div>\n\t\t\t\t\t\t<\/div>\n\t\t\t\t<\/div>\n\t\t\t\t<div class=\"elementor-element elementor-element-e781879 elementor-widget elementor-widget-heading\" data-id=\"e781879\" data-element_type=\"widget\" data-widget_type=\"heading.default\">\n\t\t\t\t<div class=\"elementor-widget-container\">\n\t\t\t\t\t<h5 class=\"elementor-heading-title elementor-size-default\">Formulario Online<\/h5>\t\t\t\t<\/div>\n\t\t\t\t<\/div>\n\t\t\t\t<div class=\"elementor-element elementor-element-309ca6d elementor-widget elementor-widget-text-editor\" data-id=\"309ca6d\" data-element_type=\"widget\" data-widget_type=\"text-editor.default\">\n\t\t\t\t<div class=\"elementor-widget-container\">\n\t\t\t\t\t\t\t\t\t<p>Utilice el siguiente formulario para realizar sus consultas.<\/p>\t\t\t\t\t\t\t\t<\/div>\n\t\t\t\t<\/div>\n\t\t\t\t<div class=\"elementor-element elementor-element-e32b584 elementor-widget elementor-widget-shortcode\" data-id=\"e32b584\" data-element_type=\"widget\" data-widget_type=\"shortcode.default\">\n\t\t\t\t<div class=\"elementor-widget-container\">\n\t\t\t\t\t\t\t<div class=\"elementor-shortcode\">\n<div class=\"wpcf7 no-js\" id=\"wpcf7-f213-o1\" lang=\"en-US\" dir=\"ltr\" data-wpcf7-id=\"213\">\n<div class=\"screen-reader-response\"><p role=\"status\" aria-live=\"polite\" aria-atomic=\"true\"><\/p> <ul><\/ul><\/div>\n<form action=\"\/index.php?rest_route=%2Fwp%2Fv2%2Fpages%2F201#wpcf7-f213-o1\" method=\"post\" class=\"wpcf7-form init\" aria-label=\"Contact form\" novalidate=\"novalidate\" data-status=\"init\">\n<fieldset class=\"hidden-fields-container\"><input type=\"hidden\" name=\"_wpcf7\" value=\"213\" \/><input type=\"hidden\" name=\"_wpcf7_version\" value=\"6.1.1\" \/><input type=\"hidden\" name=\"_wpcf7_locale\" value=\"en_US\" \/><input type=\"hidden\" name=\"_wpcf7_unit_tag\" value=\"wpcf7-f213-o1\" \/><input type=\"hidden\" name=\"_wpcf7_container_post\" value=\"0\" \/><input type=\"hidden\" name=\"_wpcf7_posted_data_hash\" value=\"\" \/>\n<\/fieldset>\n<div class=\"woostify-contact-form\">\n\t<div class=\"row\">\n\t\t<div class=\"col-md-6\">\n\t\t\t<p><span class=\"wpcf7-form-control-wrap\" data-name=\"your-name\"><input size=\"40\" maxlength=\"400\" class=\"wpcf7-form-control wpcf7-text wpcf7-validates-as-required\" aria-required=\"true\" aria-invalid=\"false\" placeholder=\"Nombre\" value=\"\" type=\"text\" name=\"your-name\" \/><\/span>\n\t\t\t<\/p>\n\t\t<\/div>\n\t\t<div class=\"col-md-6\">\n\t\t\t<p><span class=\"wpcf7-form-control-wrap\" data-name=\"your-email\"><input size=\"40\" maxlength=\"400\" class=\"wpcf7-form-control wpcf7-email wpcf7-validates-as-required wpcf7-text wpcf7-validates-as-email\" aria-required=\"true\" aria-invalid=\"false\" placeholder=\"Email\" value=\"\" type=\"email\" name=\"your-email\" \/><\/span>\n\t\t\t<\/p>\n\t\t<\/div>\n\t<\/div>\n\t<p><span class=\"wpcf7-form-control-wrap\" data-name=\"your-message\"><textarea cols=\"40\" rows=\"10\" maxlength=\"2000\" class=\"wpcf7-form-control wpcf7-textarea wpcf7-validates-as-required\" aria-required=\"true\" aria-invalid=\"false\" placeholder=\"Consulta\" name=\"your-message\"><\/textarea><\/span><br \/>\n<input class=\"wpcf7-form-control wpcf7-submit has-spinner button\" type=\"submit\" value=\"Enviar\" \/>\n\t<\/p>\n<\/div><div class=\"wpcf7-response-output\" aria-hidden=\"true\"><\/div>\n<\/form>\n<\/div>\n<\/div>\n\t\t\t\t\t\t<\/div>\n\t\t\t\t<\/div>\n\t\t\t\t\t<\/div>\n\t\t<\/div>\n\t\t\t\t\t<\/div>\n\t\t<\/section>\n\t\t\t\t<section class=\"elementor-section elementor-top-section elementor-element elementor-element-6642261 elementor-section-boxed elementor-section-height-default elementor-section-height-default\" data-id=\"6642261\" data-element_type=\"section\">\n\t\t\t\t\t\t<div class=\"elementor-container elementor-column-gap-default\">\n\t\t\t\t\t<div class=\"elementor-column elementor-col-100 elementor-top-column elementor-element elementor-element-b9c8db9\" data-id=\"b9c8db9\" data-element_type=\"column\">\n\t\t\t<div class=\"elementor-widget-wrap elementor-element-populated\">\n\t\t\t\t\t\t<div class=\"elementor-element elementor-element-fa619fa elementor-widget elementor-widget-spacer\" data-id=\"fa619fa\" data-element_type=\"widget\" data-widget_type=\"spacer.default\">\n\t\t\t\t<div class=\"elementor-widget-container\">\n\t\t\t\t\t\t\t<div class=\"elementor-spacer\">\n\t\t\t<div class=\"elementor-spacer-inner\"><\/div>\n\t\t<\/div>\n\t\t\t\t\t\t<\/div>\n\t\t\t\t<\/div>\n\t\t\t\t\t<\/div>\n\t\t<\/div>\n\t\t\t\t\t<\/div>\n\t\t<\/section>\n\t\t\t\t<\/div>\n\t\t","protected":false},"excerpt":{"rendered":"<p>Info General Contacte con nosotros Tel\u00e9fono +54 291 5 660 597 Direcci\u00f3n Bah\u00eda Blanca Buenos Aires, Argentina Email info@cuncumenlenceria.com.ar Formulario&#8230;<\/p>\n","protected":false},"author":1,"featured_media":0,"parent":0,"menu_order":0,"comment_status":"closed","ping_status":"closed","template":"","meta":{"footnotes":""},"class_list":["post-201","page","type-page","status-publish","hentry"],"post-meta":{"_elementor_edit_mode":["builder"],"_wp_page_template":["default"],"_elementor_data":["[{\"id\":\"e825f20\",\"elType\":\"section\",\"settings\":{\"stretch_section\":\"section-stretched\",\"layout\":\"full_width\",\"gap\":\"no\"},\"elements\":[{\"id\":\"9e0717b\",\"elType\":\"column\",\"settings\":{\"_column_size\":100},\"elements\":[{\"id\":\"b0a9a20\",\"elType\":\"widget\",\"settings\":{\"address\":\"Bahia Blanca, Buenos aires\",\"height\":{\"unit\":\"px\",\"size\":378},\"height_tablet\":{\"unit\":\"px\",\"size\":480},\"height_mobile\":{\"unit\":\"px\",\"size\":320},\"css_filters_hue\":{\"unit\":\"px\",\"size\":144},\"zoom\":{\"unit\":\"px\",\"size\":14,\"sizes\":[]}},\"elements\":[],\"widgetType\":\"google_maps\"}],\"isInner\":false}],\"isInner\":false},{\"id\":\"3153b01\",\"elType\":\"section\",\"settings\":{\"gap\":\"no\",\"structure\":\"21\"},\"elements\":[{\"id\":\"475bd5a\",\"elType\":\"column\",\"settings\":{\"_column_size\":33,\"_inline_size\":null},\"elements\":[{\"id\":\"b469dcf\",\"elType\":\"widget\",\"settings\":{\"space\":{\"unit\":\"px\",\"size\":90}},\"elements\":[],\"widgetType\":\"spacer\"},{\"id\":\"1a4a148\",\"elType\":\"widget\",\"settings\":{\"title\":\"Info General\",\"header_size\":\"h5\",\"typography_typography\":\"custom\",\"typography_font_weight\":\"normal\"},\"elements\":[],\"widgetType\":\"heading\"},{\"id\":\"87ca533\",\"elType\":\"widget\",\"settings\":{\"editor\":\"<p>Contacte con nosotros<\\\/p>\",\"typography_font_size\":{\"unit\":\"px\",\"size\":0}},\"elements\":[],\"widgetType\":\"text-editor\"},{\"id\":\"23fb120\",\"elType\":\"widget\",\"settings\":{\"editor\":\"<div class=\\\"woostify-contact-info\\\"><div class=\\\"contact-info-list\\\"><div class=\\\"contact-info-img\\\"><img src=\\\"https:\\\/\\\/demo.woostify.com\\\/fashion1\\\/wp-content\\\/uploads\\\/sites\\\/27\\\/2018\\\/10\\\/contact-phone.jpg\\\" alt=\\\"contact-info-image\\\" \\\/><\\\/div><div class=\\\"contact-info-detail\\\"><p><label>Tel\\u00e9fono<\\\/label><\\\/p><h6>+54 291 5 660 597<\\\/h6><\\\/div><\\\/div><div class=\\\"contact-info-list\\\"><div class=\\\"contact-info-img\\\"><img src=\\\"https:\\\/\\\/demo.woostify.com\\\/fashion1\\\/wp-content\\\/uploads\\\/sites\\\/27\\\/2018\\\/10\\\/contact-address.jpg\\\" alt=\\\"contact-info-image\\\" \\\/><\\\/div><div class=\\\"contact-info-detail\\\"><p><label>Direcci\\u00f3n<\\\/label><\\\/p><h6>Bah\\u00eda Blanca<\\\/h6><p>Buenos Aires, Argentina<\\\/p><\\\/div><\\\/div><div class=\\\"contact-info-list\\\"><div class=\\\"contact-info-img\\\"><img src=\\\"https:\\\/\\\/demo.woostify.com\\\/fashion1\\\/wp-content\\\/uploads\\\/sites\\\/27\\\/2018\\\/10\\\/contact-mail.jpg\\\" alt=\\\"contact-info-image\\\" \\\/><\\\/div><div class=\\\"contact-info-detail\\\"><p><label>Email<\\\/label><\\\/p><h6>info@cuncumenlenceria.com.ar<\\\/h6><\\\/div><\\\/div><\\\/div>\"},\"elements\":[],\"widgetType\":\"text-editor\"}],\"isInner\":false},{\"id\":\"8acbbf2\",\"elType\":\"column\",\"settings\":{\"_column_size\":66,\"_inline_size\":null},\"elements\":[{\"id\":\"4de5970\",\"elType\":\"widget\",\"settings\":{\"space\":{\"unit\":\"px\",\"size\":90}},\"elements\":[],\"widgetType\":\"spacer\"},{\"id\":\"e781879\",\"elType\":\"widget\",\"settings\":{\"title\":\"Formulario Online\",\"header_size\":\"h5\",\"typography_typography\":\"custom\",\"typography_font_weight\":\"normal\"},\"elements\":[],\"widgetType\":\"heading\"},{\"id\":\"309ca6d\",\"elType\":\"widget\",\"settings\":{\"editor\":\"<p>Utilice el siguiente formulario para realizar sus consultas.<\\\/p>\",\"typography_font_size\":{\"unit\":\"px\",\"size\":12}},\"elements\":[],\"widgetType\":\"text-editor\"},{\"id\":\"e32b584\",\"elType\":\"widget\",\"settings\":{\"shortcode\":\"[contact-form-7 id=\\\"213\\\" title=\\\"Contact Form\\\"]\"},\"elements\":[],\"widgetType\":\"shortcode\"}],\"isInner\":false}],\"isInner\":false},{\"id\":\"6642261\",\"elType\":\"section\",\"settings\":[],\"elements\":[{\"id\":\"b9c8db9\",\"elType\":\"column\",\"settings\":{\"_column_size\":100},\"elements\":[{\"id\":\"fa619fa\",\"elType\":\"widget\",\"settings\":{\"space\":{\"unit\":\"px\",\"size\":90}},\"elements\":[],\"widgetType\":\"spacer\"}],\"isInner\":false}],\"isInner\":false}]"],"_elementor_version":["3.3.1"],"_elementor_template_type":["wp-post"],"site-container":["default"],"site-header-transparent":["default"],"site-page-header":["disabled"],"site-sidebar":["default"],"_edit_lock":["1629817069:1"],"_elementor_controls_usage":["a:7:{s:11:\"google_maps\";a:3:{s:5:\"count\";i:1;s:15:\"control_percent\";i:3;s:8:\"controls\";a:2:{s:7:\"content\";a:1:{s:11:\"section_map\";a:5:{s:7:\"address\";i:1;s:6:\"height\";i:1;s:13:\"height_tablet\";i:1;s:13:\"height_mobile\";i:1;s:4:\"zoom\";i:1;}}s:5:\"style\";a:1:{s:17:\"section_map_style\";a:1:{s:15:\"css_filters_hue\";i:1;}}}}s:6:\"column\";a:3:{s:5:\"count\";i:4;s:15:\"control_percent\";i:0;s:8:\"controls\";a:1:{s:6:\"layout\";a:1:{s:6:\"layout\";a:1:{s:12:\"_inline_size\";i:2;}}}}s:7:\"section\";a:3:{s:5:\"count\";i:3;s:15:\"control_percent\";i:0;s:8:\"controls\";a:1:{s:6:\"layout\";a:2:{s:14:\"section_layout\";a:3:{s:15:\"stretch_section\";i:1;s:6:\"layout\";i:1;s:3:\"gap\";i:2;}s:17:\"section_structure\";a:1:{s:9:\"structure\";i:1;}}}}s:6:\"spacer\";a:3:{s:5:\"count\";i:3;s:15:\"control_percent\";i:0;s:8:\"controls\";a:1:{s:7:\"content\";a:1:{s:14:\"section_spacer\";a:1:{s:5:\"space\";i:3;}}}}s:7:\"heading\";a:3:{s:5:\"count\";i:2;s:15:\"control_percent\";i:2;s:8:\"controls\";a:2:{s:7:\"content\";a:1:{s:13:\"section_title\";a:2:{s:5:\"title\";i:2;s:11:\"header_size\";i:2;}}s:5:\"style\";a:1:{s:19:\"section_title_style\";a:2:{s:21:\"typography_typography\";i:2;s:22:\"typography_font_weight\";i:2;}}}}s:11:\"text-editor\";a:3:{s:5:\"count\";i:3;s:15:\"control_percent\";i:1;s:8:\"controls\";a:2:{s:7:\"content\";a:1:{s:14:\"section_editor\";a:1:{s:6:\"editor\";i:3;}}s:5:\"style\";a:1:{s:13:\"section_style\";a:1:{s:20:\"typography_font_size\";i:2;}}}}s:9:\"shortcode\";a:3:{s:5:\"count\";i:1;s:15:\"control_percent\";i:0;s:8:\"controls\";a:1:{s:7:\"content\";a:1:{s:17:\"section_shortcode\";a:1:{s:9:\"shortcode\";i:1;}}}}}"],"_elementor_page_assets":["a:2:{s:6:\"styles\";a:3:{i:0;s:18:\"widget-google_maps\";i:1;s:13:\"widget-spacer\";i:2;s:14:\"widget-heading\";}s:7:\"scripts\";a:1:{i:0;s:18:\"elementor-frontend\";}}"],"_elementor_css":["a:6:{s:4:\"time\";i:1776115126;s:5:\"fonts\";a:0:{}s:5:\"icons\";a:0:{}s:20:\"dynamic_elements_ids\";a:0:{}s:6:\"status\";s:4:\"file\";i:0;s:0:\"\";}"],"_elementor_element_cache":["{\"timeout\":1778427120,\"value\":{\"content\":\"\\t\\t<section class=\\\"elementor-section elementor-top-section elementor-element elementor-element-e825f20 elementor-section-stretched elementor-section-full_width elementor-section-height-default elementor-section-height-default\\\" data-id=\\\"e825f20\\\" data-element_type=\\\"section\\\" data-settings=\\\"{&quot;stretch_section&quot;:&quot;section-stretched&quot;}\\\">\\n\\t\\t\\t\\t\\t\\t<div class=\\\"elementor-container elementor-column-gap-no\\\">\\n\\t\\t\\t\\t\\t<div class=\\\"elementor-column elementor-col-100 elementor-top-column elementor-element elementor-element-9e0717b\\\" data-id=\\\"9e0717b\\\" data-element_type=\\\"column\\\">\\n\\t\\t\\t<div class=\\\"elementor-widget-wrap elementor-element-populated\\\">\\n\\t\\t\\t\\t\\t\\t<div class=\\\"elementor-element elementor-element-b0a9a20 elementor-widget elementor-widget-google_maps\\\" data-id=\\\"b0a9a20\\\" data-element_type=\\\"widget\\\" data-widget_type=\\\"google_maps.default\\\">\\n\\t\\t\\t\\t<div class=\\\"elementor-widget-container\\\">\\n\\t\\t\\t\\t\\t\\t\\t<div class=\\\"elementor-custom-embed\\\">\\n\\t\\t\\t<iframe loading=\\\"lazy\\\"\\n\\t\\t\\t\\t\\tsrc=\\\"https:\\\/\\\/maps.google.com\\\/maps?q=Bahia%20Blanca%2C%20Buenos%20aires&#038;t=m&#038;z=14&#038;output=embed&#038;iwloc=near\\\"\\n\\t\\t\\t\\t\\ttitle=\\\"Bahia Blanca, Buenos aires\\\"\\n\\t\\t\\t\\t\\taria-label=\\\"Bahia Blanca, Buenos aires\\\"\\n\\t\\t\\t><\\\/iframe>\\n\\t\\t<\\\/div>\\n\\t\\t\\t\\t\\t\\t<\\\/div>\\n\\t\\t\\t\\t<\\\/div>\\n\\t\\t\\t\\t\\t<\\\/div>\\n\\t\\t<\\\/div>\\n\\t\\t\\t\\t\\t<\\\/div>\\n\\t\\t<\\\/section>\\n\\t\\t\\t\\t<section class=\\\"elementor-section elementor-top-section elementor-element elementor-element-3153b01 elementor-section-boxed elementor-section-height-default elementor-section-height-default\\\" data-id=\\\"3153b01\\\" data-element_type=\\\"section\\\">\\n\\t\\t\\t\\t\\t\\t<div class=\\\"elementor-container elementor-column-gap-no\\\">\\n\\t\\t\\t\\t\\t<div class=\\\"elementor-column elementor-col-33 elementor-top-column elementor-element elementor-element-475bd5a\\\" data-id=\\\"475bd5a\\\" data-element_type=\\\"column\\\">\\n\\t\\t\\t<div class=\\\"elementor-widget-wrap elementor-element-populated\\\">\\n\\t\\t\\t\\t\\t\\t<div class=\\\"elementor-element elementor-element-b469dcf elementor-widget elementor-widget-spacer\\\" data-id=\\\"b469dcf\\\" data-element_type=\\\"widget\\\" data-widget_type=\\\"spacer.default\\\">\\n\\t\\t\\t\\t<div class=\\\"elementor-widget-container\\\">\\n\\t\\t\\t\\t\\t\\t\\t<div class=\\\"elementor-spacer\\\">\\n\\t\\t\\t<div class=\\\"elementor-spacer-inner\\\"><\\\/div>\\n\\t\\t<\\\/div>\\n\\t\\t\\t\\t\\t\\t<\\\/div>\\n\\t\\t\\t\\t<\\\/div>\\n\\t\\t\\t\\t<div class=\\\"elementor-element elementor-element-1a4a148 elementor-widget elementor-widget-heading\\\" data-id=\\\"1a4a148\\\" data-element_type=\\\"widget\\\" data-widget_type=\\\"heading.default\\\">\\n\\t\\t\\t\\t<div class=\\\"elementor-widget-container\\\">\\n\\t\\t\\t\\t\\t<h5 class=\\\"elementor-heading-title elementor-size-default\\\">Info General<\\\/h5>\\t\\t\\t\\t<\\\/div>\\n\\t\\t\\t\\t<\\\/div>\\n\\t\\t[elementor-element k=\\\"52f94027268f91ff8d79f9fbe4d9c4a2\\\" data=\\\"eyJpZCI6Ijg3Y2E1MzMiLCJlbFR5cGUiOiJ3aWRnZXQiLCJzZXR0aW5ncyI6eyJlZGl0b3IiOiI8cD5Db250YWN0ZSBjb24gbm9zb3Ryb3M8XC9wPiIsInR5cG9ncmFwaHlfZm9udF9zaXplIjp7InVuaXQiOiJweCIsInNpemUiOjB9fSwiZWxlbWVudHMiOltdLCJ3aWRnZXRUeXBlIjoidGV4dC1lZGl0b3IifQ==\\\"][elementor-element k=\\\"52f94027268f91ff8d79f9fbe4d9c4a2\\\" data=\\\"eyJpZCI6IjIzZmIxMjAiLCJlbFR5cGUiOiJ3aWRnZXQiLCJzZXR0aW5ncyI6eyJlZGl0b3IiOiI8ZGl2IGNsYXNzPVwid29vc3RpZnktY29udGFjdC1pbmZvXCI+PGRpdiBjbGFzcz1cImNvbnRhY3QtaW5mby1saXN0XCI+PGRpdiBjbGFzcz1cImNvbnRhY3QtaW5mby1pbWdcIj48aW1nIHNyYz1cImh0dHBzOlwvXC9kZW1vLndvb3N0aWZ5LmNvbVwvZmFzaGlvbjFcL3dwLWNvbnRlbnRcL3VwbG9hZHNcL3NpdGVzXC8yN1wvMjAxOFwvMTBcL2NvbnRhY3QtcGhvbmUuanBnXCIgYWx0PVwiY29udGFjdC1pbmZvLWltYWdlXCIgXC8+PFwvZGl2PjxkaXYgY2xhc3M9XCJjb250YWN0LWluZm8tZGV0YWlsXCI+PHA+PGxhYmVsPlRlbFx1MDBlOWZvbm88XC9sYWJlbD48XC9wPjxoNj4rNTQgMjkxIDUgNjYwIDU5NzxcL2g2PjxcL2Rpdj48XC9kaXY+PGRpdiBjbGFzcz1cImNvbnRhY3QtaW5mby1saXN0XCI+PGRpdiBjbGFzcz1cImNvbnRhY3QtaW5mby1pbWdcIj48aW1nIHNyYz1cImh0dHBzOlwvXC9kZW1vLndvb3N0aWZ5LmNvbVwvZmFzaGlvbjFcL3dwLWNvbnRlbnRcL3VwbG9hZHNcL3NpdGVzXC8yN1wvMjAxOFwvMTBcL2NvbnRhY3QtYWRkcmVzcy5qcGdcIiBhbHQ9XCJjb250YWN0LWluZm8taW1hZ2VcIiBcLz48XC9kaXY+PGRpdiBjbGFzcz1cImNvbnRhY3QtaW5mby1kZXRhaWxcIj48cD48bGFiZWw+RGlyZWNjaVx1MDBmM248XC9sYWJlbD48XC9wPjxoNj5CYWhcdTAwZWRhIEJsYW5jYTxcL2g2PjxwPkJ1ZW5vcyBBaXJlcywgQXJnZW50aW5hPFwvcD48XC9kaXY+PFwvZGl2PjxkaXYgY2xhc3M9XCJjb250YWN0LWluZm8tbGlzdFwiPjxkaXYgY2xhc3M9XCJjb250YWN0LWluZm8taW1nXCI+PGltZyBzcmM9XCJodHRwczpcL1wvZGVtby53b29zdGlmeS5jb21cL2Zhc2hpb24xXC93cC1jb250ZW50XC91cGxvYWRzXC9zaXRlc1wvMjdcLzIwMThcLzEwXC9jb250YWN0LW1haWwuanBnXCIgYWx0PVwiY29udGFjdC1pbmZvLWltYWdlXCIgXC8+PFwvZGl2PjxkaXYgY2xhc3M9XCJjb250YWN0LWluZm8tZGV0YWlsXCI+PHA+PGxhYmVsPkVtYWlsPFwvbGFiZWw+PFwvcD48aDY+aW5mb0BjdW5jdW1lbmxlbmNlcmlhLmNvbS5hcjxcL2g2PjxcL2Rpdj48XC9kaXY+PFwvZGl2PiJ9LCJlbGVtZW50cyI6W10sIndpZGdldFR5cGUiOiJ0ZXh0LWVkaXRvciJ9\\\"]\\t\\t\\t<\\\/div>\\n\\t\\t<\\\/div>\\n\\t\\t\\t\\t<div class=\\\"elementor-column elementor-col-66 elementor-top-column elementor-element elementor-element-8acbbf2\\\" data-id=\\\"8acbbf2\\\" data-element_type=\\\"column\\\">\\n\\t\\t\\t<div class=\\\"elementor-widget-wrap elementor-element-populated\\\">\\n\\t\\t\\t\\t\\t\\t<div class=\\\"elementor-element elementor-element-4de5970 elementor-widget elementor-widget-spacer\\\" data-id=\\\"4de5970\\\" data-element_type=\\\"widget\\\" data-widget_type=\\\"spacer.default\\\">\\n\\t\\t\\t\\t<div class=\\\"elementor-widget-container\\\">\\n\\t\\t\\t\\t\\t\\t\\t<div class=\\\"elementor-spacer\\\">\\n\\t\\t\\t<div class=\\\"elementor-spacer-inner\\\"><\\\/div>\\n\\t\\t<\\\/div>\\n\\t\\t\\t\\t\\t\\t<\\\/div>\\n\\t\\t\\t\\t<\\\/div>\\n\\t\\t\\t\\t<div class=\\\"elementor-element elementor-element-e781879 elementor-widget elementor-widget-heading\\\" data-id=\\\"e781879\\\" data-element_type=\\\"widget\\\" data-widget_type=\\\"heading.default\\\">\\n\\t\\t\\t\\t<div class=\\\"elementor-widget-container\\\">\\n\\t\\t\\t\\t\\t<h5 class=\\\"elementor-heading-title elementor-size-default\\\">Formulario Online<\\\/h5>\\t\\t\\t\\t<\\\/div>\\n\\t\\t\\t\\t<\\\/div>\\n\\t\\t[elementor-element k=\\\"52f94027268f91ff8d79f9fbe4d9c4a2\\\" data=\\\"eyJpZCI6IjMwOWNhNmQiLCJlbFR5cGUiOiJ3aWRnZXQiLCJzZXR0aW5ncyI6eyJlZGl0b3IiOiI8cD5VdGlsaWNlIGVsIHNpZ3VpZW50ZSBmb3JtdWxhcmlvIHBhcmEgcmVhbGl6YXIgc3VzIGNvbnN1bHRhcy48XC9wPiIsInR5cG9ncmFwaHlfZm9udF9zaXplIjp7InVuaXQiOiJweCIsInNpemUiOjEyfX0sImVsZW1lbnRzIjpbXSwid2lkZ2V0VHlwZSI6InRleHQtZWRpdG9yIn0=\\\"][elementor-element k=\\\"52f94027268f91ff8d79f9fbe4d9c4a2\\\" data=\\\"eyJpZCI6ImUzMmI1ODQiLCJlbFR5cGUiOiJ3aWRnZXQiLCJzZXR0aW5ncyI6eyJzaG9ydGNvZGUiOiJbY29udGFjdC1mb3JtLTcgaWQ9XCIyMTNcIiB0aXRsZT1cIkNvbnRhY3QgRm9ybVwiXSJ9LCJlbGVtZW50cyI6W10sIndpZGdldFR5cGUiOiJzaG9ydGNvZGUifQ==\\\"]\\t\\t\\t<\\\/div>\\n\\t\\t<\\\/div>\\n\\t\\t\\t\\t\\t<\\\/div>\\n\\t\\t<\\\/section>\\n\\t\\t\\t\\t<section class=\\\"elementor-section elementor-top-section elementor-element elementor-element-6642261 elementor-section-boxed elementor-section-height-default elementor-section-height-default\\\" data-id=\\\"6642261\\\" data-element_type=\\\"section\\\">\\n\\t\\t\\t\\t\\t\\t<div class=\\\"elementor-container elementor-column-gap-default\\\">\\n\\t\\t\\t\\t\\t<div class=\\\"elementor-column elementor-col-100 elementor-top-column elementor-element elementor-element-b9c8db9\\\" data-id=\\\"b9c8db9\\\" data-element_type=\\\"column\\\">\\n\\t\\t\\t<div class=\\\"elementor-widget-wrap elementor-element-populated\\\">\\n\\t\\t\\t\\t\\t\\t<div class=\\\"elementor-element elementor-element-fa619fa elementor-widget elementor-widget-spacer\\\" data-id=\\\"fa619fa\\\" data-element_type=\\\"widget\\\" data-widget_type=\\\"spacer.default\\\">\\n\\t\\t\\t\\t<div class=\\\"elementor-widget-container\\\">\\n\\t\\t\\t\\t\\t\\t\\t<div class=\\\"elementor-spacer\\\">\\n\\t\\t\\t<div class=\\\"elementor-spacer-inner\\\"><\\\/div>\\n\\t\\t<\\\/div>\\n\\t\\t\\t\\t\\t\\t<\\\/div>\\n\\t\\t\\t\\t<\\\/div>\\n\\t\\t\\t\\t\\t<\\\/div>\\n\\t\\t<\\\/div>\\n\\t\\t\\t\\t\\t<\\\/div>\\n\\t\\t<\\\/section>\\n\\t\\t\",\"scripts\":[],\"styles\":[]}}"]},"_links":{"self":[{"href":"https:\/\/cuncumenlenceria.com.ar\/index.php?rest_route=\/wp\/v2\/pages\/201","targetHints":{"allow":["GET"]}}],"collection":[{"href":"https:\/\/cuncumenlenceria.com.ar\/index.php?rest_route=\/wp\/v2\/pages"}],"about":[{"href":"https:\/\/cuncumenlenceria.com.ar\/index.php?rest_route=\/wp\/v2\/types\/page"}],"author":[{"embeddable":true,"href":"https:\/\/cuncumenlenceria.com.ar\/index.php?rest_route=\/wp\/v2\/users\/1"}],"replies":[{"embeddable":true,"href":"https:\/\/cuncumenlenceria.com.ar\/index.php?rest_route=%2Fwp%2Fv2%2Fcomments&post=201"}],"version-history":[{"count":3,"href":"https:\/\/cuncumenlenceria.com.ar\/index.php?rest_route=\/wp\/v2\/pages\/201\/revisions"}],"predecessor-version":[{"id":9573,"href":"https:\/\/cuncumenlenceria.com.ar\/index.php?rest_route=\/wp\/v2\/pages\/201\/revisions\/9573"}],"wp:attachment":[{"href":"https:\/\/cuncumenlenceria.com.ar\/index.php?rest_route=%2Fwp%2Fv2%2Fmedia&parent=201"}],"curies":[{"name":"wp","href":"https:\/\/api.w.org\/{rel}","templated":true}]}}